{"id":234,"date":"2016-06-04T14:48:48","date_gmt":"2016-06-04T14:48:48","guid":{"rendered":"http:\/\/www.les-travers-du-vent.ch\/?page_id=234"},"modified":"2024-04-19T05:36:55","modified_gmt":"2024-04-19T05:36:55","slug":"point-de-la-situation","status":"publish","type":"page","link":"https:\/\/www.les-travers-du-vent.ch\/index.php\/point-de-la-situation\/","title":{"rendered":"Point de la situation"},"content":{"rendered":"<p>3 juin 2016: Le <strong>plan d&rsquo;affectation<\/strong> du parc \u00e9olien de la Montagne de Buttes ainsi que les <strong>permis de construire<\/strong> ont \u00e9t\u00e9 mis \u00e0 l&rsquo;enqu\u00eate publique. L&rsquo;Association a d\u00e9pos\u00e9 l&rsquo;opposition collective soutenue par plus de 1300 personnes au Conseil d&rsquo;Etat neuch\u00e2telois et aux trois communes concern\u00e9es en date du 4 juillet 2016.<\/p>\n<p>Apr\u00e8s une proc\u00e9dure de sept ans, le Tribunal f\u00e9d\u00e9ral rejette int\u00e9gralement le recours relatif au plan d&rsquo;affectation du parc \u00e9olien de la Montagne de Buttes le 19 octobre 2023. Cet <a href=\"https:\/\/www.bger.ch\/ext\/eurospider\/live\/it\/php\/aza\/http\/index.php?lang=it&amp;type=highlight_simple_similar_documents&amp;page=8&amp;from_date=&amp;to_date=&amp;sort=relevance&amp;insertion_date=&amp;top_subcollection_aza=all&amp;docid=atf%3A%2F%2F116-IV-14&amp;rank=79&amp;azaclir=aza&amp;highlight_docid=aza%3A%2F%2F19-10-2023-1C_48-2021&amp;number_of_ranks=4667\" target=\"_blank\" rel=\"noopener\"><strong>arr\u00eat<\/strong> <\/a>b\u00e2cl\u00e9 et lacunaire, pour ne pas dire arbitraire, passe comme chat sur braise sur des griefs importants d\u00e9pos\u00e9s par les 322 recourants, et en ignore d&rsquo;autres. Le TF a montr\u00e9 par cet arr\u00eat que la production d&rsquo;\u00e9lectricit\u00e9 devait se faire tant sur le dos de l&rsquo;environnement que des riverains, et que la qualit\u00e9 de vie de ces derniers ne m\u00e9rite aucun \u00e9gard.<\/p>\n<p>Situ\u00e9 \u00e0 environ 1 kilom\u00e8tre \u00e0 vol d&rsquo;oiseau, le projet du Mont de Boveresse sera bient\u00f4t mis \u00e0 l&rsquo;enqu\u00eate publique. Encore plus destructeur pour la biodiversit\u00e9 que son voisin de la Montagne de Buttes, ce projet fera du Val-de-Travers le lieu accueillant la plus grande concentration d&rsquo;\u00e9oliennes de la Suisse enti\u00e8re. Tout ceci en raison de l&rsquo;inaction complice de nos politiques et de nos juges, sous le regard complice des m\u00e9dias.<\/p>\n","protected":false},"excerpt":{"rendered":"<p>3 juin 2016: Le plan d&rsquo;affectation du parc \u00e9olien de la Montagne de Buttes ainsi que les permis de construire ont \u00e9t\u00e9 mis \u00e0 l&rsquo;enqu\u00eate publique. L&rsquo;Association a d\u00e9pos\u00e9 l&rsquo;opposition collective soutenue par plus de 1300 personnes au Conseil d&rsquo;Etat neuch\u00e2telois et aux trois communes concern\u00e9es en date du 4 juillet 2016. Apr\u00e8s une proc\u00e9dure &hellip; <\/p>\n<p class=\"link-more\"><a href=\"https:\/\/www.les-travers-du-vent.ch\/index.php\/point-de-la-situation\/\" class=\"more-link\">Continuer la lecture<span class=\"screen-reader-text\"> de &laquo;&nbsp;Point de la situation&nbsp;&raquo;<\/span><\/a><\/p>\n","protected":false},"author":1,"featured_media":0,"parent":0,"menu_order":0,"comment_status":"closed","ping_status":"closed","template":"","meta":{"footnotes":""},"class_list":["post-234","page","type-page","status-publish","hentry"],"_links":{"self":[{"href":"https:\/\/www.les-travers-du-vent.ch\/index.php\/wp-json\/wp\/v2\/pages\/234","targetHints":{"allow":["GET"]}}],"collection":[{"href":"https:\/\/www.les-travers-du-vent.ch\/index.php\/wp-json\/wp\/v2\/pages"}],"about":[{"href":"https:\/\/www.les-travers-du-vent.ch\/index.php\/wp-json\/wp\/v2\/types\/page"}],"author":[{"embeddable":true,"href":"https:\/\/www.les-travers-du-vent.ch\/index.php\/wp-json\/wp\/v2\/users\/1"}],"replies":[{"embeddable":true,"href":"https:\/\/www.les-travers-du-vent.ch\/index.php\/wp-json\/wp\/v2\/comments?post=234"}],"version-history":[{"count":24,"href":"https:\/\/www.les-travers-du-vent.ch\/index.php\/wp-json\/wp\/v2\/pages\/234\/revisions"}],"predecessor-version":[{"id":975,"href":"https:\/\/www.les-travers-du-vent.ch\/index.php\/wp-json\/wp\/v2\/pages\/234\/revisions\/975"}],"wp:attachment":[{"href":"https:\/\/www.les-travers-du-vent.ch\/index.php\/wp-json\/wp\/v2\/media?parent=234"}],"curies":[{"name":"wp","href":"https:\/\/api.w.org\/{rel}","templated":true}]}}