{"id":440,"date":"2017-01-05T15:53:51","date_gmt":"2017-01-05T15:53:51","guid":{"rendered":"http:\/\/www.les-travers-du-vent.ch\/?page_id=440"},"modified":"2017-01-07T16:20:36","modified_gmt":"2017-01-07T16:20:36","slug":"provence-vd","status":"publish","type":"page","link":"https:\/\/www.les-travers-du-vent.ch\/index.php\/paysages-menaces\/provence-vd\/","title":{"rendered":"Provence (VD)"},"content":{"rendered":"<p>Le parc \u00e9olien projet\u00e9 sur la commune de Provence pr\u00e9voit\u00a0 17 a\u00e9rog\u00e9n\u00e9rateurs d&rsquo;une hauteur d&rsquo;environ 200 m\u00e8tres.\u00a0 Il se trouve \u00e0 moins de 5km \u00e0 vol d&rsquo;oiseau du <a href=\"http:\/\/www.myswitzerland.com\/fr-ch\/creux-du-van-val-de-travers.html\" target=\"_blank\"><strong>Creux du Van<\/strong><\/a>, site figurant \u00e0 l&rsquo;Inventaire F\u00e9d\u00e9ral des paysages (IFP), et empi\u00e8te largement sur les parcours de <a href=\"http:\/\/www.gsfr.ch\/galerie\" target=\"_blank\"><strong>ski de fond<\/strong><\/a>. Sa construction serait une catastrophe non seulement pour le paysage et de nombreuses esp\u00e8ces animales, mais aussi pour le tourisme et les activit\u00e9s hivernales qui seraient rendues impossibles en raison des distances de s\u00e9curit\u00e9.<\/p>\n<h5><div id=\"envira-gallery-wrap-450\" class=\"envira-gallery-wrap envira-gallery-theme-base envira-lightbox-theme-base\" itemscope itemtype=\"https:\/\/schema.org\/ImageGallery\"><div data-row-height=\"\" data-gallery-theme=\"\" id=\"envira-gallery-450\" class=\"envira-gallery-public  envira-gallery-1-columns envira-clear enviratope envira-gallery-css-animations\" data-envira-columns=\"1\"><div id=\"envira-gallery-item-437\" class=\"envira-gallery-item enviratope-item envira-gallery-item-1\" style=\"padding-left: 5px; padding-bottom: 10px; padding-right: 5px;\"  itemscope itemtype=\"https:\/\/schema.org\/ImageObject\"><div class=\"envira-gallery-item-inner\"><div class=\"envira-gallery-position-overlay  envira-gallery-top-left\"><\/div><div class=\"envira-gallery-position-overlay  envira-gallery-top-right\"><\/div><div class=\"envira-gallery-position-overlay  envira-gallery-bottom-left\"><\/div><div class=\"envira-gallery-position-overlay  envira-gallery-bottom-right\"><\/div><a href=\"http:\/\/www.les-travers-du-vent.ch\/wp-content\/uploads\/2017\/01\/CreuxDuVan.jpg\" class=\"envira-gallery-450 envira-gallery-link\" rel=\"enviragallery450\" title=\"CreuxDuVan\" data-envira-caption=\"CreuxDuVan\" data-envira-retina=\"\" data-thumbnail=\"\"  itemprop=\"contentUrl\"><div class=\"envira-lazy\" data-test-width=\"640\" data-test-height=\"480\" style=\"padding-bottom:75%;\"><img decoding=\"async\" id=\"envira-gallery-image-437\" class=\"envira-gallery-image envira-gallery-image-1\" data-envira-index=\"1\" src=\"https:\/\/www.les-travers-du-vent.ch\/wp-content\/uploads\/2017\/01\/CreuxDuVan-1024x446-640x480.jpg\" data-envira-src=\"https:\/\/www.les-travers-du-vent.ch\/wp-content\/uploads\/2017\/01\/CreuxDuVan-1024x446-640x480.jpg\" data-envira-gallery-id=\"450\" data-envira-item-id=\"437\" data-envira-caption=\"CreuxDuVan\" alt=\"\" title=\"CreuxDuVan\"  itemprop=\"thumbnailUrl\" data-envira-srcset=\"https:\/\/www.les-travers-du-vent.ch\/wp-content\/uploads\/2017\/01\/CreuxDuVan-1024x446-640x480.jpg 400w,https:\/\/www.les-travers-du-vent.ch\/wp-content\/uploads\/2017\/01\/CreuxDuVan-1024x446-640x480.jpg 2x\" srcset=\"data:image\/gif;base64,R0lGODlhAQABAIAAAP\/\/\/\/\/\/\/yH5BAEKAAEALAAAAAABAAEAAAICTAEAOw==\" \/><\/div><\/a><\/div><\/div><\/div><\/div><noscript><img decoding=\"async\" src=\"https:\/\/www.les-travers-du-vent.ch\/wp-content\/uploads\/2017\/01\/CreuxDuVan.jpg\" alt=\"\" \/><\/noscript><\/h5>\n<h5>(cliquez sur l&rsquo;image pour l&rsquo;agrandir)<\/h5>\n<p>En savoir plus grace au\u00a0 site de l&rsquo;<strong><a href=\"http:\/\/www.volauvent.ch\/provence.html\" target=\"_blank\">association Vol au Vent<\/a><\/strong>.<\/p>\n","protected":false},"excerpt":{"rendered":"<p>Le parc \u00e9olien projet\u00e9 sur la commune de Provence pr\u00e9voit\u00a0 17 a\u00e9rog\u00e9n\u00e9rateurs d&rsquo;une hauteur d&rsquo;environ 200 m\u00e8tres.\u00a0 Il se trouve \u00e0 moins de 5km \u00e0 vol d&rsquo;oiseau du Creux du Van, site figurant \u00e0 l&rsquo;Inventaire F\u00e9d\u00e9ral des paysages (IFP), et empi\u00e8te largement sur les parcours de ski de fond. Sa construction serait une catastrophe non &hellip; <\/p>\n<p class=\"link-more\"><a href=\"https:\/\/www.les-travers-du-vent.ch\/index.php\/paysages-menaces\/provence-vd\/\" class=\"more-link\">Continuer la lecture<span class=\"screen-reader-text\"> de &laquo;&nbsp;Provence (VD)&nbsp;&raquo;<\/span><\/a><\/p>\n","protected":false},"author":1,"featured_media":0,"parent":215,"menu_order":0,"comment_status":"closed","ping_status":"closed","template":"","meta":{"footnotes":""},"class_list":["post-440","page","type-page","status-publish","hentry"],"_links":{"self":[{"href":"https:\/\/www.les-travers-du-vent.ch\/index.php\/wp-json\/wp\/v2\/pages\/440","targetHints":{"allow":["GET"]}}],"collection":[{"href":"https:\/\/www.les-travers-du-vent.ch\/index.php\/wp-json\/wp\/v2\/pages"}],"about":[{"href":"https:\/\/www.les-travers-du-vent.ch\/index.php\/wp-json\/wp\/v2\/types\/page"}],"author":[{"embeddable":true,"href":"https:\/\/www.les-travers-du-vent.ch\/index.php\/wp-json\/wp\/v2\/users\/1"}],"replies":[{"embeddable":true,"href":"https:\/\/www.les-travers-du-vent.ch\/index.php\/wp-json\/wp\/v2\/comments?post=440"}],"version-history":[{"count":13,"href":"https:\/\/www.les-travers-du-vent.ch\/index.php\/wp-json\/wp\/v2\/pages\/440\/revisions"}],"predecessor-version":[{"id":468,"href":"https:\/\/www.les-travers-du-vent.ch\/index.php\/wp-json\/wp\/v2\/pages\/440\/revisions\/468"}],"up":[{"embeddable":true,"href":"https:\/\/www.les-travers-du-vent.ch\/index.php\/wp-json\/wp\/v2\/pages\/215"}],"wp:attachment":[{"href":"https:\/\/www.les-travers-du-vent.ch\/index.php\/wp-json\/wp\/v2\/media?parent=440"}],"curies":[{"name":"wp","href":"https:\/\/api.w.org\/{rel}","templated":true}]}}