{"id":445,"date":"2017-01-05T15:57:24","date_gmt":"2017-01-05T15:57:24","guid":{"rendered":"http:\/\/www.les-travers-du-vent.ch\/?page_id=445"},"modified":"2017-01-07T16:26:10","modified_gmt":"2017-01-07T16:26:10","slug":"grandevent-vd","status":"publish","type":"page","link":"https:\/\/www.les-travers-du-vent.ch\/index.php\/paysages-menaces\/grandevent-vd\/","title":{"rendered":"Grandevent (VD)"},"content":{"rendered":"<p>Partenariat controvers\u00e9 entre la soci\u00e9t\u00e9 Ennova et les SIG, le parc \u00e9olien de 7 machines de 150 \u00e0 200 m\u00e8tres serait positionn\u00e9 sur 2 collines situ\u00e9es entre les 2 villages de Mauborget et Bullet, tous deux situ\u00e9s \u00e0 environ 1150m d&rsquo;altitude et localis\u00e9s sur le bord des flancs du Jura, situation leur offrant un d\u00e9gagement unique sur la plaine et les Alpes.<\/p>\n<h5><span style=\"font-family: Courier New;\"><div id=\"envira-gallery-wrap-471\" class=\"envira-gallery-wrap envira-gallery-theme-base envira-lightbox-theme-base\" itemscope itemtype=\"https:\/\/schema.org\/ImageGallery\"><div data-row-height=\"\" data-gallery-theme=\"\" id=\"envira-gallery-471\" class=\"envira-gallery-public  envira-gallery-1-columns envira-clear enviratope envira-gallery-css-animations\" data-envira-columns=\"1\"><div id=\"envira-gallery-item-438\" class=\"envira-gallery-item enviratope-item envira-gallery-item-1\" style=\"padding-left: 5px; padding-bottom: 10px; padding-right: 5px;\"  itemscope itemtype=\"https:\/\/schema.org\/ImageObject\"><div class=\"envira-gallery-item-inner\"><div class=\"envira-gallery-position-overlay  envira-gallery-top-left\"><\/div><div class=\"envira-gallery-position-overlay  envira-gallery-top-right\"><\/div><div class=\"envira-gallery-position-overlay  envira-gallery-bottom-left\"><\/div><div class=\"envira-gallery-position-overlay  envira-gallery-bottom-right\"><\/div><a href=\"http:\/\/www.les-travers-du-vent.ch\/wp-content\/uploads\/2017\/01\/Grandevent.jpg\" class=\"envira-gallery-471 envira-gallery-link\" rel=\"enviragallery471\" title=\"Grandevent\" data-envira-caption=\"Grandevent\" data-envira-retina=\"\" data-thumbnail=\"\"  itemprop=\"contentUrl\"><div class=\"envira-lazy\" data-test-width=\"640\" data-test-height=\"480\" style=\"padding-bottom:75%;\"><img decoding=\"async\" id=\"envira-gallery-image-438\" class=\"envira-gallery-image envira-gallery-image-1\" data-envira-index=\"1\" src=\"https:\/\/www.les-travers-du-vent.ch\/wp-content\/uploads\/2017\/01\/Grandevent-1024x451.jpg\" data-envira-src=\"https:\/\/www.les-travers-du-vent.ch\/wp-content\/uploads\/2017\/01\/Grandevent-1024x451.jpg\" data-envira-gallery-id=\"471\" data-envira-item-id=\"438\" data-envira-caption=\"Grandevent\" alt=\"\" title=\"Grandevent\"  itemprop=\"thumbnailUrl\" data-envira-srcset=\"https:\/\/www.les-travers-du-vent.ch\/wp-content\/uploads\/2017\/01\/Grandevent-1024x451.jpg 400w,https:\/\/www.les-travers-du-vent.ch\/wp-content\/uploads\/2017\/01\/Grandevent-1024x451.jpg 2x\" srcset=\"data:image\/gif;base64,R0lGODlhAQABAIAAAP\/\/\/\/\/\/\/yH5BAEKAAEALAAAAAABAAEAAAICTAEAOw==\" \/><\/div><\/a><\/div><\/div><\/div><\/div><noscript><img decoding=\"async\" src=\"https:\/\/www.les-travers-du-vent.ch\/wp-content\/uploads\/2017\/01\/Grandevent.jpg\" alt=\"\" \/><\/noscript><\/span><\/h5>\n<h5>(cliquez sur l&rsquo;image pour l&rsquo;agrandir)<\/h5>\n<p>En savoir plus grace au site de l&rsquo;<strong><a href=\"http:\/\/www.volauvent.ch\/grandevent.html\" target=\"_blank\">association Vol au vent<\/a><\/strong>.<\/p>\n","protected":false},"excerpt":{"rendered":"<p>Partenariat controvers\u00e9 entre la soci\u00e9t\u00e9 Ennova et les SIG, le parc \u00e9olien de 7 machines de 150 \u00e0 200 m\u00e8tres serait positionn\u00e9 sur 2 collines situ\u00e9es entre les 2 villages de Mauborget et Bullet, tous deux situ\u00e9s \u00e0 environ 1150m d&rsquo;altitude et localis\u00e9s sur le bord des flancs du Jura, situation leur offrant un d\u00e9gagement &hellip; <\/p>\n<p class=\"link-more\"><a href=\"https:\/\/www.les-travers-du-vent.ch\/index.php\/paysages-menaces\/grandevent-vd\/\" class=\"more-link\">Continuer la lecture<span class=\"screen-reader-text\"> de &laquo;&nbsp;Grandevent (VD)&nbsp;&raquo;<\/span><\/a><\/p>\n","protected":false},"author":1,"featured_media":0,"parent":215,"menu_order":0,"comment_status":"closed","ping_status":"closed","template":"","meta":{"footnotes":""},"class_list":["post-445","page","type-page","status-publish","hentry"],"_links":{"self":[{"href":"https:\/\/www.les-travers-du-vent.ch\/index.php\/wp-json\/wp\/v2\/pages\/445","targetHints":{"allow":["GET"]}}],"collection":[{"href":"https:\/\/www.les-travers-du-vent.ch\/index.php\/wp-json\/wp\/v2\/pages"}],"about":[{"href":"https:\/\/www.les-travers-du-vent.ch\/index.php\/wp-json\/wp\/v2\/types\/page"}],"author":[{"embeddable":true,"href":"https:\/\/www.les-travers-du-vent.ch\/index.php\/wp-json\/wp\/v2\/users\/1"}],"replies":[{"embeddable":true,"href":"https:\/\/www.les-travers-du-vent.ch\/index.php\/wp-json\/wp\/v2\/comments?post=445"}],"version-history":[{"count":2,"href":"https:\/\/www.les-travers-du-vent.ch\/index.php\/wp-json\/wp\/v2\/pages\/445\/revisions"}],"predecessor-version":[{"id":472,"href":"https:\/\/www.les-travers-du-vent.ch\/index.php\/wp-json\/wp\/v2\/pages\/445\/revisions\/472"}],"up":[{"embeddable":true,"href":"https:\/\/www.les-travers-du-vent.ch\/index.php\/wp-json\/wp\/v2\/pages\/215"}],"wp:attachment":[{"href":"https:\/\/www.les-travers-du-vent.ch\/index.php\/wp-json\/wp\/v2\/media?parent=445"}],"curies":[{"name":"wp","href":"https:\/\/api.w.org\/{rel}","templated":true}]}}