{"id":807,"date":"2021-09-20T11:32:50","date_gmt":"2021-09-20T11:32:50","guid":{"rendered":"https:\/\/www.les-travers-du-vent.ch\/?page_id=807"},"modified":"2021-09-20T12:31:39","modified_gmt":"2021-09-20T12:31:39","slug":"homepage","status":"publish","type":"page","link":"https:\/\/www.les-travers-du-vent.ch\/","title":{"rendered":""},"content":{"rendered":"\n<p><strong>Les Travers du Vent<\/strong> <strong>sont&#8230;<\/strong><\/p>\n\n\n\n<p>L&rsquo;association Les Travers du Vent lutte contre l&rsquo;implantation des parcs \u00e9oliens pr\u00e9vus dans le Val-de-Travers. Elle coop\u00e8re avec les associations voisines, notamment pour lutter contre les parcs pr\u00e9vus dans le Canton de Vaud, entre Le Creux-du-Van et Ste-Croix, \u00e0 proximit\u00e9 imm\u00e9diate du Val-de-Travers. La concentration de cinq gigantesques parcs \u00e9oliens sur un si petit espace constitue une atteinte inestimable et irr\u00e9parable \u00e0 des paysages qui figurent parmi les plus pr\u00e9serv\u00e9s de l&rsquo;arc jurassien.<\/p>\n\n\n\n<p><strong>&#8230; pour une politique \u00e9nerg\u00e9tique coh\u00e9rente<\/strong>&#8230;<\/p>\n\n\n\n<p>De puissants lobbies subventionn\u00e9s, tels que Suisse Eole, et les producteurs d\u2019\u00e9lectricit\u00e9 promeuvent l\u2019\u00e9nergie \u00e9olienne et en vantent les pr\u00e9tendus succ\u00e8s. En r\u00e9alit\u00e9, l\u2019\u00e9nergie \u00e9olienne offre un rendement tr\u00e8s faible en comparaison avec les d\u00e9g\u00e2ts qu\u2019elle produit sur le paysage, sur la sant\u00e9 des riverains et sur la faune. Contrairement \u00e0 d\u2019autres sources telles que l\u2019hydraulique et le photovolta\u00efque, elle n\u2019offre aucun approvisionnement durable et s\u00fbr en \u00e9nergie. Partout, elle suscite une large opposition de la population. <\/p>\n\n\n\n<p><\/p>\n\n\n\n<p><strong>&#8230; pour un paysage durable<\/strong><\/p>\n\n\n\n<p>Nos paysages et zones naturelles sont actuellement soumis \u00e0 une menace \u00e9norme : celle de leur destruction par plusieurs centaines d\u2019\u00e9oliennes industrielles. L\u2019arc jurassien en particulier, de B\u00e2le au Canton de Vaud, verrait ses cr\u00eates et ses hauts plateaux, qui comptent parmi les r\u00e9gions les plus pr\u00e9serv\u00e9es de Suisse, transform\u00e9s en une vaste zone industrielle. Les Pr\u00e9alpes et les Alpes ne sont pas \u00e9pargn\u00e9es non plus. C\u2019est en travaillant ensemble que nous parviendrons \u00e0 pr\u00e9server notre espace de vie et de d\u00e9tente pour les g\u00e9n\u00e9rations futures. Agissons pour un d\u00e9veloppement durable r\u00e9ellement protecteur de la nature <\/p>\n","protected":false},"excerpt":{"rendered":"<p>Les Travers du Vent sont&#8230; L&rsquo;association Les Travers du Vent lutte contre l&rsquo;implantation des parcs \u00e9oliens pr\u00e9vus dans le Val-de-Travers. Elle coop\u00e8re avec les associations voisines, notamment pour lutter contre les parcs pr\u00e9vus dans le Canton de Vaud, entre Le Creux-du-Van et Ste-Croix, \u00e0 proximit\u00e9 imm\u00e9diate du Val-de-Travers. La concentration de cinq gigantesques parcs \u00e9oliens &hellip; <\/p>\n<p class=\"link-more\"><a href=\"https:\/\/www.les-travers-du-vent.ch\/\" class=\"more-link\">Continuer la lecture<span class=\"screen-reader-text\"> de &laquo;&nbsp;&nbsp;&raquo;<\/span><\/a><\/p>\n","protected":false},"author":1,"featured_media":0,"parent":0,"menu_order":0,"comment_status":"closed","ping_status":"closed","template":"","meta":{"footnotes":""},"class_list":["post-807","page","type-page","status-publish","hentry"],"_links":{"self":[{"href":"https:\/\/www.les-travers-du-vent.ch\/index.php\/wp-json\/wp\/v2\/pages\/807","targetHints":{"allow":["GET"]}}],"collection":[{"href":"https:\/\/www.les-travers-du-vent.ch\/index.php\/wp-json\/wp\/v2\/pages"}],"about":[{"href":"https:\/\/www.les-travers-du-vent.ch\/index.php\/wp-json\/wp\/v2\/types\/page"}],"author":[{"embeddable":true,"href":"https:\/\/www.les-travers-du-vent.ch\/index.php\/wp-json\/wp\/v2\/users\/1"}],"replies":[{"embeddable":true,"href":"https:\/\/www.les-travers-du-vent.ch\/index.php\/wp-json\/wp\/v2\/comments?post=807"}],"version-history":[{"count":5,"href":"https:\/\/www.les-travers-du-vent.ch\/index.php\/wp-json\/wp\/v2\/pages\/807\/revisions"}],"predecessor-version":[{"id":817,"href":"https:\/\/www.les-travers-du-vent.ch\/index.php\/wp-json\/wp\/v2\/pages\/807\/revisions\/817"}],"wp:attachment":[{"href":"https:\/\/www.les-travers-du-vent.ch\/index.php\/wp-json\/wp\/v2\/media?parent=807"}],"curies":[{"name":"wp","href":"https:\/\/api.w.org\/{rel}","templated":true}]}}