{"id":855,"date":"2021-10-25T13:06:44","date_gmt":"2021-10-25T13:06:44","guid":{"rendered":"https:\/\/www.les-travers-du-vent.ch\/?page_id=855"},"modified":"2021-10-25T13:06:44","modified_gmt":"2021-10-25T13:06:44","slug":"histoire","status":"publish","type":"page","link":"https:\/\/www.les-travers-du-vent.ch\/index.php\/histoire\/","title":{"rendered":"Histoire"},"content":{"rendered":"\n<p>C\u2019est dans la deuxi\u00e8me moiti\u00e9 des <strong>ann\u00e9es 1990<\/strong> que les projets \u00e9oliens arrivent dans le canton de Neuch\u00e2tel, notamment les projets sur la Montagne de Buttes. A cette \u00e9poque, et suite aux implantations dans certains pays europ\u00e9ens, des d\u00e9veloppeurs sillonnent syst\u00e9matiquement toutes les contr\u00e9es possibles en Europe pour y implanter des centrales \u00e9oliennes.<\/p>\n\n\n\n<p>En <strong>novembre 1997<\/strong>, une \u00e9tude pr\u00e9liminaire pour l\u2019implantation d\u2019\u00e9oliennes dans le Canton de Neuch\u00e2tel identifie 13 sites. La Montagne de Buttes fait alors partie des 5 sites jug\u00e9s prioritaires. Le bureau Planair, qui h\u00e9berge le si\u00e8ge romand du lobby \u00e9olien Suisse Eole, approfondit l\u2019analyse et publie son rapport final en <strong>1998<\/strong>, qui servira de base \u00e0 l\u2019\u00e9laboration de la planification directrice du Canton. A la suite des conclusions de cette \u00e9tude, le Canton et l\u2019OFEN poursuivent la d\u00e9marche et lancent des mandats pour \u00e9tudier en d\u00e9tail les sites \u00e9oliens retenus. En <strong>novembre 2000<\/strong> para\u00eet une \u00e9tude de faisabilit\u00e9 de l\u2019entreprise britannique RES qui pr\u00e9voit la construction d\u2019un parc \u00e9olien de 7 \u00e9oliennes \u00e0 la Montagne de Buttes.<\/p>\n\n\n\n<p>A ce moment, les bureaux en charge de l\u2019\u00e9tude sont largement d\u00e9connect\u00e9s des r\u00e9alit\u00e9s environnementales du Val-de-Travers. Ils estiment que \u00ab&nbsp;les impacts directs des \u00e9oliennes sur la flore, la faune et les milieux naturels peuvent \u00eatre consid\u00e9r\u00e9s dans leur ensemble comme faibles ou m\u00eame souvent insignifiants&nbsp;\u00bb (rapport final 2000). On sait aujourd\u2019hui que ce n\u2019est pas le cas et que les effets sur la biodiversit\u00e9 sont s\u00e9rieux, voire graves, et menacent directement des esp\u00e8ces comme l\u2019aigle royal. Il faut dire qu\u2019\u00e0 l\u2019\u00e9poque, les projets pr\u00e9voyaient de tr\u00e8s petites \u00e9oliennes d\u2019environ 90 m\u00e8tres en bout de pale. Rien \u00e0 comparer aux machines de 180 m\u00e8tres retenues aujourd\u2019hui.<\/p>\n\n\n\n<p>C\u2019est dans ce contexte que l\u2019<strong>Association pour la sauvegarde des sites de la Montagne de Buttes (Assim)<\/strong>, qui deviendra peu apr\u00e8s Les Travers du Vent, est cr\u00e9\u00e9e par B\u00e9atrice Baga\u00efni le <strong>14 avril<\/strong> <strong>2000<\/strong>. Le projet \u00e9olien n\u2019est pas pouss\u00e9 par son promoteur, et finit par \u00eatre mis en stand-by quelques ann\u00e9es apr\u00e8s pour des raisons financi\u00e8res. L\u2019association ne se dissout pas pour autant, bien au contraire, et reste vigilante.<\/p>\n\n\n\n<p>En <strong>2008<\/strong>, le syst\u00e8me de financement des nouvelles \u00e9nergies renouvelables (la fameuse R\u00e9tribution \u00e0 prix co\u00fbtant RPC) est mis en place au niveau f\u00e9d\u00e9ral et les promoteurs peuvent d\u00e9j\u00e0 d\u00e9poser leur dossier de demande cette ann\u00e9e-l\u00e0. Avec la RPC, tout l\u2019Arc jurassien devient un v\u00e9ritable Far West&nbsp;: les promoteurs s\u2019y pr\u00e9cipitent pour s\u2019approprier les sites potentiels et r\u00e9server \u00ab&nbsp;leur&nbsp;\u00bb subvention aupr\u00e8s de la Conf\u00e9d\u00e9ration. Le syst\u00e8me repose sur la logique du \u00ab&nbsp;premier arriv\u00e9, premier servi&nbsp;\u00bb et les projets qui ne d\u00e9crochent pas la pr\u00e9cieuse subvention tout de suite entrent sur une liste d\u2019attente.<\/p>\n\n\n\n<p>L\u2019argent \u00e9tant d\u00e9sormais l\u00e0, le projet de la Montagne de Buttes rena\u00eet alors de ses cendres en<strong> d\u00e9but 2009 <\/strong>avec un promoteur du nom d\u2019Alpine Wind \u2013&nbsp;le m\u00eame qui s\u00e9vissait \u00e0 Cr\u00eat-Meuron&nbsp;\u2013 qui va s\u2019employer en tout premier lieu et bien avant d\u2019avoir une quelconque feu vert du canton \u00e0 faire signer aux agriculteurs des contrats de r\u00e9servation des terrains en vue de l\u2019implantation d\u2019\u00e9oliennes. Promesse est faite \u00e0 chaque agriculteur de pouvoir conserver la somme de CHF 5&rsquo;000.- par machine, vers\u00e9e imm\u00e9diatement, si le projet n\u2019est pas sur les rails au bout de 3 ans \u00e0 compter de la signature. App\u00e2t\u00e9s par le gain, les agriculteurs signent. Devant cette nouvelle menace concr\u00e8te, l\u2019Assim se r\u00e9organise et, le <strong>21 d\u00e9cembre 2009<\/strong>, prend le nom d\u2019Association <strong>Les Travers du Vent<\/strong>. Fabienne Chapuis en prend la pr\u00e9sidence.<\/p>\n\n\n\n<p>Dans une v\u00e9ritable \u00ab&nbsp;gu\u00e9guerre de pognon&nbsp;\u00bb, dict\u00e9e par le caract\u00e8re juteux des subventions promises par la RPC, les \u00e9oliennes de la Montagne de Buttes sont alors convoit\u00e9es par deux \u00e9lectriciens&nbsp;: le Fribourgeois Greenwatt (Groupe E) et les Services industriels de Gen\u00e8ve (SIG), que les autorit\u00e9s forceront \u00e0 faire collaborer. Le promoteur Alpine Wind s\u2019empresse de revendre les contrats sign\u00e9s par les agriculteurs au consortium Groupe E et SIG regroup\u00e9s dans la soci\u00e9t\u00e9 Verrivent SA, qui est cr\u00e9\u00e9e le <strong>26 mars 2010<\/strong>, et qui \u00e9tablit son si\u00e8ge \u00e0 l\u2019Administration communale des Verri\u00e8res, preuve, s\u2019il en fallait une, que les communes et les promoteurs \u00e9oliens ne font qu\u2019un. Le projet de la Montagne de Buttes est sur les rails, Groupe E et SIG font les mesures de vent et autres \u00e9tudes n\u00e9cessaires.<\/p>\n\n\n\n<p>Avec la votation de la planification \u00e9olienne par la population neuch\u00e2teloise le <strong>18 mai 2014<\/strong>, la messe politique est dite&nbsp;: les centrales \u00e9oliennes du Val-de-Travers sont fix\u00e9es dans le marbre et il ne reste plus que la voie juridique pour faire valoir les droits des riverains, de la nature et du paysage. C\u2019est sur cette voie que se lance l\u2019association avec l\u2019opposition au projet de la Montagne de Buttes, qui r\u00e9colte plus de 1300 oppositions en <strong>juin 2016<\/strong>.<\/p>\n\n\n\n<p>Le <strong>22 f\u00e9vrier 2017<\/strong>, Thierry Ray prend la pr\u00e9sidence de l&rsquo;association.<\/p>\n","protected":false},"excerpt":{"rendered":"<p>C\u2019est dans la deuxi\u00e8me moiti\u00e9 des ann\u00e9es 1990 que les projets \u00e9oliens arrivent dans le canton de Neuch\u00e2tel, notamment les projets sur la Montagne de Buttes. A cette \u00e9poque, et suite aux implantations dans certains pays europ\u00e9ens, des d\u00e9veloppeurs sillonnent syst\u00e9matiquement toutes les contr\u00e9es possibles en Europe pour y implanter des centrales \u00e9oliennes. En novembre &hellip; <\/p>\n<p class=\"link-more\"><a href=\"https:\/\/www.les-travers-du-vent.ch\/index.php\/histoire\/\" class=\"more-link\">Continuer la lecture<span class=\"screen-reader-text\"> de &laquo;&nbsp;Histoire&nbsp;&raquo;<\/span><\/a><\/p>\n","protected":false},"author":1,"featured_media":0,"parent":0,"menu_order":0,"comment_status":"closed","ping_status":"closed","template":"","meta":{"footnotes":""},"class_list":["post-855","page","type-page","status-publish","hentry"],"_links":{"self":[{"href":"https:\/\/www.les-travers-du-vent.ch\/index.php\/wp-json\/wp\/v2\/pages\/855","targetHints":{"allow":["GET"]}}],"collection":[{"href":"https:\/\/www.les-travers-du-vent.ch\/index.php\/wp-json\/wp\/v2\/pages"}],"about":[{"href":"https:\/\/www.les-travers-du-vent.ch\/index.php\/wp-json\/wp\/v2\/types\/page"}],"author":[{"embeddable":true,"href":"https:\/\/www.les-travers-du-vent.ch\/index.php\/wp-json\/wp\/v2\/users\/1"}],"replies":[{"embeddable":true,"href":"https:\/\/www.les-travers-du-vent.ch\/index.php\/wp-json\/wp\/v2\/comments?post=855"}],"version-history":[{"count":1,"href":"https:\/\/www.les-travers-du-vent.ch\/index.php\/wp-json\/wp\/v2\/pages\/855\/revisions"}],"predecessor-version":[{"id":856,"href":"https:\/\/www.les-travers-du-vent.ch\/index.php\/wp-json\/wp\/v2\/pages\/855\/revisions\/856"}],"wp:attachment":[{"href":"https:\/\/www.les-travers-du-vent.ch\/index.php\/wp-json\/wp\/v2\/media?parent=855"}],"curies":[{"name":"wp","href":"https:\/\/api.w.org\/{rel}","templated":true}]}}